{"id":110,"date":"2024-12-11T20:11:32","date_gmt":"2024-12-11T19:11:32","guid":{"rendered":"http:\/\/international-office-solingen.de\/?page_id=110"},"modified":"2025-01-08T20:46:45","modified_gmt":"2025-01-08T19:46:45","slug":"imprint","status":"publish","type":"page","link":"https:\/\/international-office-solingen.de\/ar\/imprint\/","title":{"rendered":"\u0628\u0635\u0645\u0629"},"content":{"rendered":"<div data-colibri-id=\"110-c1\" class=\"style-531 style-local-110-c1 position-relative\">\n  <!---->\n  <div data-colibri-component=\"section\" data-colibri-id=\"110-c2\" id=\"custom\" class=\"h-section h-section-global-spacing d-flex align-items-lg-center align-items-md-center align-items-center style-532 style-local-110-c2 position-relative\">\n    <!---->\n    <!---->\n    <div class=\"h-section-grid-container h-section-boxed-container\">\n      <!---->\n      <div data-colibri-id=\"110-c3\" class=\"h-row-container gutters-row-lg-2 gutters-row-md-2 gutters-row-0 gutters-row-v-lg-2 gutters-row-v-md-2 gutters-row-v-2 style-533 style-local-110-c3 position-relative\">\n        <!---->\n        <div class=\"h-row justify-content-lg-center justify-content-md-center justify-content-center align-items-lg-stretch align-items-md-stretch align-items-stretch gutters-col-lg-2 gutters-col-md-2 gutters-col-0 gutters-col-v-lg-2 gutters-col-v-md-2 gutters-col-v-2\">\n          <!---->\n          <div class=\"h-column h-column-container d-flex h-col-lg-auto h-col-md-auto h-col-auto style-534-outer style-local-110-c4-outer\">\n            <div data-colibri-id=\"110-c4\" class=\"d-flex h-flex-basis h-column__inner h-px-lg-2 h-px-md-2 h-px-2 v-inner-lg-2 v-inner-md-2 v-inner-2 style-534 style-local-110-c4 position-relative\">\n              <!---->\n              <!---->\n              <div class=\"w-100 h-y-container h-column__content h-column__v-align flex-basis-100 align-self-lg-start align-self-md-start align-self-start\">\n                <!---->\n                <div data-colibri-id=\"110-c5\" class=\"h-global-transition-all h-heading style-535 style-local-110-c5 position-relative h-element\">\n                  <!---->\n                  <div class=\"h-heading__outer style-535 style-local-110-c5\">\n                    <!---->\n                    <!---->\n                    <h3 class=\"\"><span style=\"font-weight: 600;\">\u0628\u0635\u0645\u0629<\/span><\/h3>\n                  <\/div>\n                <\/div>\n              <\/div>\n            <\/div>\n          <\/div>\n        <\/div>\n      <\/div>\n    <\/div>\n  <\/div>\n  <div data-colibri-component=\"section\" data-colibri-id=\"110-c6\" id=\"custom-2\" class=\"h-section h-section-global-spacing d-flex align-items-lg-center align-items-md-center align-items-center style-536 style-local-110-c6 position-relative\">\n    <!---->\n    <!---->\n    <div class=\"h-section-grid-container h-section-boxed-container\">\n      <!---->\n      <div data-colibri-id=\"110-c7\" class=\"h-row-container gutters-row-lg-2 gutters-row-md-2 gutters-row-0 gutters-row-v-lg-2 gutters-row-v-md-2 gutters-row-v-2 style-537 style-local-110-c7 position-relative\">\n        <!---->\n        <div class=\"h-row justify-content-lg-center justify-content-md-center justify-content-center align-items-lg-stretch align-items-md-stretch align-items-stretch gutters-col-lg-2 gutters-col-md-2 gutters-col-0 gutters-col-v-lg-2 gutters-col-v-md-2 gutters-col-v-2\">\n          <!---->\n          <div class=\"h-column h-column-container d-flex h-col-lg-auto h-col-md-auto h-col-auto style-538-outer style-local-110-c8-outer\">\n            <div data-colibri-id=\"110-c8\" class=\"d-flex h-flex-basis h-column__inner h-px-lg-2 h-px-md-2 h-px-2 v-inner-lg-2 v-inner-md-2 v-inner-2 style-538 style-local-110-c8 position-relative\">\n              <!---->\n              <!---->\n              <div class=\"w-100 h-y-container h-column__content h-column__v-align flex-basis-100 align-self-lg-start align-self-md-start align-self-start\">\n                <!---->\n                <div data-colibri-id=\"110-c9\" class=\"h-text h-text-component style-539 style-local-110-c9 position-relative h-element\">\n                  <!---->\n                  <!---->\n                  <div class=\"\">\n                    <p><strong style=\"font-size: 12pt; font-family: arial, helvetica, sans-serif;\">\u0628\u064a\u0627\u0646\u0627\u062a \u0627\u0644\u0646\u0634\u0631:<\/strong><\/p>\n                    <p><span style=\"font-size: 12pt; font-family: arial, helvetica, sans-serif;\">\u0627\u0644\u0645\u0643\u062a\u0628 \u0627\u0644\u062f\u0648\u0644\u064a am Klinikum Solingen GmbH<\/span><\/p>\n                    <p><span style=\"font-size: 12pt; font-family: arial, helvetica, sans-serif;\">\u062c\u0648\u062a\u0646\u0633\u062a\u0631\u0627\u0633 1<\/span><\/p>\n                    <p><span style=\"font-size: 12pt; font-family: arial, helvetica, sans-serif;\">42653 \u0632\u0648\u0644\u064a\u0646\u063a\u0646<\/span><\/p>\n                    <p><span style=\"font-size: 12pt; font-family: arial, helvetica, sans-serif;\">\u0647\u0627\u062a\u0641: 02125476913 \u0641\u0627\u0643\u0633: 02125476934<\/span><\/p>\n                    <p><span style=\"font-size: 12pt; font-family: arial, helvetica, sans-serif;\">\u0628\u0631\u064a\u062f \u0625\u0644\u0643\u062a\u0631\u0648\u0646\u064a:&nbsp;<\/span>\n                      <a href=\"mailto:kontakt@international-office-Solingen.de\" style=\"font-size: 12pt; font-family: arial, helvetica, sans-serif; color: rgb(55, 98, 145);\">kontakt@international-office-Solingen.de<\/a>\n                    <\/p>\n                    <p><span style=\"font-size: 12pt; font-family: arial, helvetica, sans-serif;\">\u0627\u0644\u0648\u064a\u0628:&nbsp;<\/span>\n                      <a href=\"https:\/\/international-office-solingen.de\/ar\/\" style=\"font-size: 12pt; font-family: arial, helvetica, sans-serif; color: rgb(55, 98, 145);\">www.international-office-solingen.de<\/a>\n                    <\/p>\n                    <p><span style=\"font-size: 12pt; font-family: arial, helvetica, sans-serif;\">Vertretungsberechtigte Gesch\u00e4ftsf\u00fchrerinnen: \u0623\u0644\u0643\u0633\u0646\u062f\u0631\u0627 \u0632\u064a\u0646\u0645\u0627\u0646\u060c \u0645\u0627\u0631\u064a\u0627 \u0634\u0627\u0641\u064a\u0631<\/span><\/p>\n                    <p><span style=\"font-size: 12pt; font-family: arial, helvetica, sans-serif;\">\u0633\u062c\u0644: Amtsgericht \u0641\u0648\u0628\u0631\u062a\u0627\u0644<\/span>\n                      <br><span style=\"font-size: 12pt; font-family: arial, helvetica, sans-serif;\">\u0631\u0642\u0645 \u0627\u0644\u062a\u0633\u062c\u064a\u0644: HRB 26937<\/span>\n                      <br><span style=\"font-size: 12pt; font-family: arial, helvetica, sans-serif;\">Gesellschaft mit beschr\u00e4nkter Haftung<\/span><\/p>\n                    <p><span style=\"font-size: 12pt; font-family: arial, helvetica, sans-serif;\">Umsatzsteuer-Identifikationsnummer Gem\u00e4\u00df \u00a7 27 a Umsatzsteuergesetz:<\/span>\n                      <br><span style=\"font-size: 12pt; font-family: arial, helvetica, sans-serif;\">\u062f\u064a303674181<\/span><\/p>\n                    <p>\n                      <br>\n                    <\/p>\n                  <\/div>\n                <\/div>\n              <\/div>\n            <\/div>\n          <\/div>\n        <\/div>\n      <\/div>\n    <\/div>\n  <\/div>\n<\/div>","protected":false},"excerpt":{"rendered":"<p>Imprint Impressum: International Office am Klinikum Solingen GmbH Gotenstra\u00dfe 1 42653 Solingen Tel: 0212-5476913 Fax: 0212-5476934 Email:&nbsp; kontakt@international-office-Solingen.de Web:&nbsp; www.international-office-solingen.de Vertretungsberechtigte Gesch\u00e4ftsf\u00fchrerinnen: Alexandra Zinnmann, Maria Schafir Registergericht: Amtsgericht Wuppertal Registernummer: HRB 26937 Gesellschaft mit beschr\u00e4nkter Haftung Umsatzsteuer-Identifikationsnummer gem\u00e4\u00df \u00a7 27 a Umsatzsteuergesetz: DE303674181<\/p>","protected":false},"author":1,"featured_media":0,"parent":0,"menu_order":0,"comment_status":"closed","ping_status":"closed","template":"page-templates\/full-width-page.php","meta":{"inline_featured_image":false,"footnotes":""},"class_list":["post-110","page","type-page","status-publish","hentry"],"yoast_head":"<!-- This site is optimized with the Yoast SEO plugin v24.4 - https:\/\/yoast.com\/wordpress\/plugins\/seo\/ -->\n<title>Imprint - solingen-office-international.milly-digital.de<\/title>\n<meta name=\"robots\" content=\"index, follow, max-snippet:-1, max-image-preview:large, max-video-preview:-1\" \/>\n<link rel=\"canonical\" href=\"https:\/\/international-office-solingen.de\/ar\/imprint\/\" \/>\n<meta property=\"og:locale\" content=\"ar_AR\" \/>\n<meta property=\"og:type\" content=\"article\" \/>\n<meta property=\"og:title\" content=\"Imprint - solingen-office-international.milly-digital.de\" \/>\n<meta property=\"og:description\" content=\"Imprint Impressum: International Office am Klinikum Solingen GmbH Gotenstra\u00dfe 1 42653 Solingen Tel: 0212-5476913 Fax: 0212-5476934 Email:&nbsp; kontakt@international-office-Solingen.de Web:&nbsp; www.international-office-solingen.de Vertretungsberechtigte Gesch\u00e4ftsf\u00fchrerinnen: Alexandra Zinnmann, Maria Schafir Registergericht: Amtsgericht Wuppertal Registernummer: HRB 26937 Gesellschaft mit beschr\u00e4nkter Haftung Umsatzsteuer-Identifikationsnummer gem\u00e4\u00df \u00a7 27 a Umsatzsteuergesetz: DE303674181\" \/>\n<meta property=\"og:url\" content=\"https:\/\/international-office-solingen.de\/ar\/imprint\/\" \/>\n<meta property=\"og:site_name\" content=\"solingen-office-international.milly-digital.de\" \/>\n<meta property=\"article:modified_time\" content=\"2025-01-08T19:46:45+00:00\" \/>\n<meta name=\"twitter:card\" content=\"summary_large_image\" \/>\n<script type=\"application\/ld+json\" class=\"yoast-schema-graph\">{\"@context\":\"https:\/\/schema.org\",\"@graph\":[{\"@type\":\"WebPage\",\"@id\":\"https:\/\/international-office-solingen.de\/imprint\/\",\"url\":\"https:\/\/international-office-solingen.de\/imprint\/\",\"name\":\"Imprint - solingen-office-international.milly-digital.de\",\"isPartOf\":{\"@id\":\"https:\/\/international-office-solingen.de\/#website\"},\"datePublished\":\"2024-12-11T19:11:32+00:00\",\"dateModified\":\"2025-01-08T19:46:45+00:00\",\"breadcrumb\":{\"@id\":\"https:\/\/international-office-solingen.de\/imprint\/#breadcrumb\"},\"inLanguage\":\"ar\",\"potentialAction\":[{\"@type\":\"ReadAction\",\"target\":[\"https:\/\/international-office-solingen.de\/imprint\/\"]}]},{\"@type\":\"BreadcrumbList\",\"@id\":\"https:\/\/international-office-solingen.de\/imprint\/#breadcrumb\",\"itemListElement\":[{\"@type\":\"ListItem\",\"position\":1,\"name\":\"Home\",\"item\":\"https:\/\/international-office-solingen.de\/\"},{\"@type\":\"ListItem\",\"position\":2,\"name\":\"Imprint\"}]},{\"@type\":\"WebSite\",\"@id\":\"https:\/\/international-office-solingen.de\/#website\",\"url\":\"https:\/\/international-office-solingen.de\/\",\"name\":\"solingen-office-international.milly-digital.de\",\"description\":\"\",\"publisher\":{\"@id\":\"https:\/\/international-office-solingen.de\/#organization\"},\"potentialAction\":[{\"@type\":\"SearchAction\",\"target\":{\"@type\":\"EntryPoint\",\"urlTemplate\":\"https:\/\/international-office-solingen.de\/?s={search_term_string}\"},\"query-input\":{\"@type\":\"PropertyValueSpecification\",\"valueRequired\":true,\"valueName\":\"search_term_string\"}}],\"inLanguage\":\"ar\"},{\"@type\":\"Organization\",\"@id\":\"https:\/\/international-office-solingen.de\/#organization\",\"name\":\"solingen-office-international.milly-digital.de\",\"url\":\"https:\/\/international-office-solingen.de\/\",\"logo\":{\"@type\":\"ImageObject\",\"inLanguage\":\"ar\",\"@id\":\"https:\/\/international-office-solingen.de\/#\/schema\/logo\/image\/\",\"url\":\"https:\/\/international-office-solingen.de\/wp-content\/uploads\/2025\/01\/logo-Solingen.png\",\"contentUrl\":\"https:\/\/international-office-solingen.de\/wp-content\/uploads\/2025\/01\/logo-Solingen.png\",\"width\":800,\"height\":485,\"caption\":\"solingen-office-international.milly-digital.de\"},\"image\":{\"@id\":\"https:\/\/international-office-solingen.de\/#\/schema\/logo\/image\/\"}}]}<\/script>\n<!-- \/ Yoast SEO plugin. -->","yoast_head_json":{"title":"Imprint - solingen-office-international.milly-digital.de","robots":{"index":"index","follow":"follow","max-snippet":"max-snippet:-1","max-image-preview":"max-image-preview:large","max-video-preview":"max-video-preview:-1"},"canonical":"https:\/\/international-office-solingen.de\/ar\/imprint\/","og_locale":"ar_AR","og_type":"article","og_title":"Imprint - solingen-office-international.milly-digital.de","og_description":"Imprint Impressum: International Office am Klinikum Solingen GmbH Gotenstra\u00dfe 1 42653 Solingen Tel: 0212-5476913 Fax: 0212-5476934 Email:&nbsp; kontakt@international-office-Solingen.de Web:&nbsp; www.international-office-solingen.de Vertretungsberechtigte Gesch\u00e4ftsf\u00fchrerinnen: Alexandra Zinnmann, Maria Schafir Registergericht: Amtsgericht Wuppertal Registernummer: HRB 26937 Gesellschaft mit beschr\u00e4nkter Haftung Umsatzsteuer-Identifikationsnummer gem\u00e4\u00df \u00a7 27 a Umsatzsteuergesetz: DE303674181","og_url":"https:\/\/international-office-solingen.de\/ar\/imprint\/","og_site_name":"solingen-office-international.milly-digital.de","article_modified_time":"2025-01-08T19:46:45+00:00","twitter_card":"summary_large_image","schema":{"@context":"https:\/\/schema.org","@graph":[{"@type":"WebPage","@id":"https:\/\/international-office-solingen.de\/imprint\/","url":"https:\/\/international-office-solingen.de\/imprint\/","name":"Imprint - solingen-office-international.milly-digital.de","isPartOf":{"@id":"https:\/\/international-office-solingen.de\/#website"},"datePublished":"2024-12-11T19:11:32+00:00","dateModified":"2025-01-08T19:46:45+00:00","breadcrumb":{"@id":"https:\/\/international-office-solingen.de\/imprint\/#breadcrumb"},"inLanguage":"ar","potentialAction":[{"@type":"ReadAction","target":["https:\/\/international-office-solingen.de\/imprint\/"]}]},{"@type":"BreadcrumbList","@id":"https:\/\/international-office-solingen.de\/imprint\/#breadcrumb","itemListElement":[{"@type":"ListItem","position":1,"name":"Home","item":"https:\/\/international-office-solingen.de\/"},{"@type":"ListItem","position":2,"name":"Imprint"}]},{"@type":"WebSite","@id":"https:\/\/international-office-solingen.de\/#website","url":"https:\/\/international-office-solingen.de\/","name":"solingen-office-international.milly-digital.de","description":"","publisher":{"@id":"https:\/\/international-office-solingen.de\/#organization"},"potentialAction":[{"@type":"SearchAction","target":{"@type":"EntryPoint","urlTemplate":"https:\/\/international-office-solingen.de\/?s={search_term_string}"},"query-input":{"@type":"PropertyValueSpecification","valueRequired":true,"valueName":"search_term_string"}}],"inLanguage":"ar"},{"@type":"Organization","@id":"https:\/\/international-office-solingen.de\/#organization","name":"solingen-office-international.milly-digital.de","url":"https:\/\/international-office-solingen.de\/","logo":{"@type":"ImageObject","inLanguage":"ar","@id":"https:\/\/international-office-solingen.de\/#\/schema\/logo\/image\/","url":"https:\/\/international-office-solingen.de\/wp-content\/uploads\/2025\/01\/logo-Solingen.png","contentUrl":"https:\/\/international-office-solingen.de\/wp-content\/uploads\/2025\/01\/logo-Solingen.png","width":800,"height":485,"caption":"solingen-office-international.milly-digital.de"},"image":{"@id":"https:\/\/international-office-solingen.de\/#\/schema\/logo\/image\/"}}]}},"_links":{"self":[{"href":"https:\/\/international-office-solingen.de\/ar\/wp-json\/wp\/v2\/pages\/110","targetHints":{"allow":["GET"]}}],"collection":[{"href":"https:\/\/international-office-solingen.de\/ar\/wp-json\/wp\/v2\/pages"}],"about":[{"href":"https:\/\/international-office-solingen.de\/ar\/wp-json\/wp\/v2\/types\/page"}],"author":[{"embeddable":true,"href":"https:\/\/international-office-solingen.de\/ar\/wp-json\/wp\/v2\/users\/1"}],"replies":[{"embeddable":true,"href":"https:\/\/international-office-solingen.de\/ar\/wp-json\/wp\/v2\/comments?post=110"}],"version-history":[{"count":4,"href":"https:\/\/international-office-solingen.de\/ar\/wp-json\/wp\/v2\/pages\/110\/revisions"}],"predecessor-version":[{"id":13738,"href":"https:\/\/international-office-solingen.de\/ar\/wp-json\/wp\/v2\/pages\/110\/revisions\/13738"}],"wp:attachment":[{"href":"https:\/\/international-office-solingen.de\/ar\/wp-json\/wp\/v2\/media?parent=110"}],"curies":[{"name":"wp","href":"https:\/\/api.w.org\/{rel}","templated":true}]}}